{"id":409,"date":"2019-04-27T10:13:15","date_gmt":"2019-04-27T08:13:15","guid":{"rendered":"http:\/\/hoferhof.bz.it\/?page_id=409"},"modified":"2023-06-21T13:30:19","modified_gmt":"2023-06-21T11:30:19","slug":"unsere-spezialitaeten","status":"publish","type":"page","link":"https:\/\/joomla.phoenix-design.biz\/index.php\/unsere-spezialitaeten\/","title":{"rendered":"WAS WIR ALLES ANBIETEN&#8230;&#8230;."},"content":{"rendered":"\n<p><br><\/p>\n\n\n\n<p class=\"has-text-align-center has-medium-font-size\">Wir verw\u00f6hnen unsere G\u00e4ste aus Nah- und Fern mit traditioneller S\u00fcdtiroler Hausmannskost.  Aus unserem Garten und der Landwirtschaft kommen die Rohstoffe f\u00fcr die leckeren Gerichte, die wir t\u00e4glich zu tollen Speisen verarbeiten. Knackige Salate, verschiedene Gem\u00fcsesorten, sowie Erdbeeren und Himbeeren  so auch andere Obstsorten werden t\u00e4glich frisch zubereitet und Ihnen mit viel Liebe serviert. Kuchen, Desserts werden regelm\u00e4\u00dfig von unseren Frauen zubereitet. Unsere tollen Brennnesselnocken mit Gorgonzolaf\u00fcllung sowie wie K\u00e4se, Speck und Spinatkn\u00f6del und noch vieles mehr stehen in unser liebevollen gestalteten Speisekarte. Ein gutes Brot und gut ger\u00e4ucherter Speck werden zur Marende angeboten.  Aber auch unsere selbst zubereiteten Fruchts\u00e4fte aus verschiedenen Fr\u00fcchten von unserem Feld werden Ihnen serviert. <\/p>\n\n\n\n<p class=\"has-text-align-center has-medium-font-size\">Schauen Sie doch selbst einmal bei uns vorbei &#8230;&#8230;<\/p>\n\n\n\n<p>                                                                            Bergerstra\u00dfe 17\/2 in Tscherms<\/p>\n\n\n\n<figure class=\"wp-block-gallery columns-2 is-cropped wp-block-gallery-1 is-layout-flex wp-block-gallery-is-layout-flex\"><ul class=\"blocks-gallery-grid\"><li class=\"blocks-gallery-item\"><figure><img loading=\"lazy\" decoding=\"async\" width=\"300\" height=\"225\" src=\"https:\/\/joomla.phoenix-design.biz\/wp-content\/uploads\/IMG_0473-300x225.jpg\" alt=\"\" data-id=\"644\" data-full-url=\"https:\/\/joomla.phoenix-design.biz\/wp-content\/uploads\/IMG_0473-scaled.jpg\" data-link=\"https:\/\/joomla.phoenix-design.biz\/index.php\/unsere-spezialitaeten\/img_0473\/\" class=\"wp-image-644\" srcset=\"https:\/\/joomla.phoenix-design.biz\/wp-content\/uploads\/IMG_0473-300x225.jpg 300w, https:\/\/joomla.phoenix-design.biz\/wp-content\/uploads\/IMG_0473-1024x768.jpg 1024w, https:\/\/joomla.phoenix-design.biz\/wp-content\/uploads\/IMG_0473-768x576.jpg 768w, https:\/\/joomla.phoenix-design.biz\/wp-content\/uploads\/IMG_0473-1536x1152.jpg 1536w, https:\/\/joomla.phoenix-design.biz\/wp-content\/uploads\/IMG_0473-2048x1536.jpg 2048w\" sizes=\"auto, (max-width: 300px) 100vw, 300px\" \/><\/figure><\/li><li class=\"blocks-gallery-item\"><figure><img loading=\"lazy\" decoding=\"async\" width=\"300\" height=\"225\" src=\"https:\/\/joomla.phoenix-design.biz\/wp-content\/uploads\/IMG_0109-300x225.jpg\" alt=\"\" data-id=\"441\" data-full-url=\"https:\/\/joomla.phoenix-design.biz\/wp-content\/uploads\/IMG_0109.jpg\" data-link=\"https:\/\/joomla.phoenix-design.biz\/index.php\/unsere-spezialitaeten\/img_0109\/\" class=\"wp-image-441\" srcset=\"https:\/\/joomla.phoenix-design.biz\/wp-content\/uploads\/IMG_0109-300x225.jpg 300w, https:\/\/joomla.phoenix-design.biz\/wp-content\/uploads\/IMG_0109-768x576.jpg 768w, https:\/\/joomla.phoenix-design.biz\/wp-content\/uploads\/IMG_0109-1024x768.jpg 1024w\" sizes=\"auto, (max-width: 300px) 100vw, 300px\" \/><\/figure><\/li><li class=\"blocks-gallery-item\"><figure><img loading=\"lazy\" decoding=\"async\" width=\"300\" height=\"200\" src=\"https:\/\/joomla.phoenix-design.biz\/wp-content\/uploads\/Verlag-Athesia-Tappeiner_by-Alex-Filz_Hoferhof-2-1-300x200.jpg\" alt=\"\" data-id=\"424\" data-full-url=\"https:\/\/joomla.phoenix-design.biz\/wp-content\/uploads\/Verlag-Athesia-Tappeiner_by-Alex-Filz_Hoferhof-2-1.jpg\" data-link=\"https:\/\/joomla.phoenix-design.biz\/index.php\/ueber-uns\/verlag-athesia-tappeiner_by-alex-filz_hoferhof-2-2\/\" class=\"wp-image-424\" srcset=\"https:\/\/joomla.phoenix-design.biz\/wp-content\/uploads\/Verlag-Athesia-Tappeiner_by-Alex-Filz_Hoferhof-2-1-300x200.jpg 300w, https:\/\/joomla.phoenix-design.biz\/wp-content\/uploads\/Verlag-Athesia-Tappeiner_by-Alex-Filz_Hoferhof-2-1-768x511.jpg 768w, https:\/\/joomla.phoenix-design.biz\/wp-content\/uploads\/Verlag-Athesia-Tappeiner_by-Alex-Filz_Hoferhof-2-1-1024x682.jpg 1024w\" sizes=\"auto, (max-width: 300px) 100vw, 300px\" \/><\/figure><\/li><\/ul><\/figure>\n\n\n\n<figure class=\"wp-block-gallery columns-3 is-cropped wp-block-gallery-2 is-layout-flex wp-block-gallery-is-layout-flex\"><ul class=\"blocks-gallery-grid\"><li class=\"blocks-gallery-item\"><figure><img loading=\"lazy\" decoding=\"async\" width=\"1024\" height=\"768\" src=\"https:\/\/joomla.phoenix-design.biz\/wp-content\/uploads\/20220606_130726-1-1024x768.jpg\" alt=\"\" data-id=\"1236\" data-full-url=\"https:\/\/joomla.phoenix-design.biz\/wp-content\/uploads\/20220606_130726-1-scaled.jpg\" data-link=\"https:\/\/joomla.phoenix-design.biz\/index.php\/970-2\/20220606_130726-1\/\" class=\"wp-image-1236\" srcset=\"https:\/\/joomla.phoenix-design.biz\/wp-content\/uploads\/20220606_130726-1-1024x768.jpg 1024w, https:\/\/joomla.phoenix-design.biz\/wp-content\/uploads\/20220606_130726-1-300x225.jpg 300w, https:\/\/joomla.phoenix-design.biz\/wp-content\/uploads\/20220606_130726-1-768x576.jpg 768w, https:\/\/joomla.phoenix-design.biz\/wp-content\/uploads\/20220606_130726-1-1536x1152.jpg 1536w, https:\/\/joomla.phoenix-design.biz\/wp-content\/uploads\/20220606_130726-1-2048x1536.jpg 2048w\" sizes=\"auto, (max-width: 1024px) 100vw, 1024px\" \/><\/figure><\/li><li class=\"blocks-gallery-item\"><figure><img loading=\"lazy\" decoding=\"async\" width=\"800\" height=\"533\" src=\"https:\/\/joomla.phoenix-design.biz\/wp-content\/uploads\/Erdbeershake_0005_6_2-800x533-1.jpg\" alt=\"\" data-id=\"1218\" data-full-url=\"https:\/\/joomla.phoenix-design.biz\/wp-content\/uploads\/Erdbeershake_0005_6_2-800x533-1.jpg\" data-link=\"https:\/\/joomla.phoenix-design.biz\/index.php\/970-2\/erdbeershake_0005_6_2-800x533-1\/\" class=\"wp-image-1218\" srcset=\"https:\/\/joomla.phoenix-design.biz\/wp-content\/uploads\/Erdbeershake_0005_6_2-800x533-1.jpg 800w, https:\/\/joomla.phoenix-design.biz\/wp-content\/uploads\/Erdbeershake_0005_6_2-800x533-1-300x200.jpg 300w, https:\/\/joomla.phoenix-design.biz\/wp-content\/uploads\/Erdbeershake_0005_6_2-800x533-1-768x512.jpg 768w\" sizes=\"auto, (max-width: 800px) 100vw, 800px\" \/><\/figure><\/li><li class=\"blocks-gallery-item\"><figure><img loading=\"lazy\" decoding=\"async\" width=\"1024\" height=\"768\" src=\"https:\/\/joomla.phoenix-design.biz\/wp-content\/uploads\/20210528_150459-4-1024x768.jpg\" alt=\"\" data-id=\"1166\" data-full-url=\"https:\/\/joomla.phoenix-design.biz\/wp-content\/uploads\/20210528_150459-4-scaled.jpg\" data-link=\"https:\/\/joomla.phoenix-design.biz\/index.php\/970-2\/20210528_150459-4\/\" class=\"wp-image-1166\" srcset=\"https:\/\/joomla.phoenix-design.biz\/wp-content\/uploads\/20210528_150459-4-1024x768.jpg 1024w, https:\/\/joomla.phoenix-design.biz\/wp-content\/uploads\/20210528_150459-4-300x225.jpg 300w, https:\/\/joomla.phoenix-design.biz\/wp-content\/uploads\/20210528_150459-4-768x576.jpg 768w, https:\/\/joomla.phoenix-design.biz\/wp-content\/uploads\/20210528_150459-4-1536x1152.jpg 1536w, https:\/\/joomla.phoenix-design.biz\/wp-content\/uploads\/20210528_150459-4-2048x1536.jpg 2048w\" sizes=\"auto, (max-width: 1024px) 100vw, 1024px\" \/><\/figure><\/li><\/ul><\/figure>\n\n\n\n<figure class=\"wp-block-gallery columns-2 is-cropped wp-block-gallery-3 is-layout-flex wp-block-gallery-is-layout-flex\"><ul class=\"blocks-gallery-grid\"><li class=\"blocks-gallery-item\"><figure><img loading=\"lazy\" decoding=\"async\" width=\"1024\" height=\"1024\" src=\"https:\/\/joomla.phoenix-design.biz\/wp-content\/uploads\/Holunder-1024x1024.jpg\" alt=\"\" data-id=\"1335\" data-link=\"https:\/\/joomla.phoenix-design.biz\/index.php\/unsere-spezialitaeten\/holunder\/\" class=\"wp-image-1335\" srcset=\"https:\/\/joomla.phoenix-design.biz\/wp-content\/uploads\/Holunder-1024x1024.jpg 1024w, https:\/\/joomla.phoenix-design.biz\/wp-content\/uploads\/Holunder-300x300.jpg 300w, https:\/\/joomla.phoenix-design.biz\/wp-content\/uploads\/Holunder-150x150.jpg 150w, https:\/\/joomla.phoenix-design.biz\/wp-content\/uploads\/Holunder-768x768.jpg 768w, https:\/\/joomla.phoenix-design.biz\/wp-content\/uploads\/Holunder-1536x1536.jpg 1536w, https:\/\/joomla.phoenix-design.biz\/wp-content\/uploads\/Holunder-2048x2048.jpg 2048w\" sizes=\"auto, (max-width: 1024px) 100vw, 1024px\" \/><\/figure><\/li><li class=\"blocks-gallery-item\"><figure><img loading=\"lazy\" decoding=\"async\" width=\"1024\" height=\"1024\" src=\"https:\/\/joomla.phoenix-design.biz\/wp-content\/uploads\/GridArt_20230617_160629691-1-1-1024x1024.jpg\" alt=\"\" data-id=\"1336\" data-full-url=\"https:\/\/joomla.phoenix-design.biz\/wp-content\/uploads\/GridArt_20230617_160629691-1-1-scaled.jpg\" data-link=\"https:\/\/joomla.phoenix-design.biz\/index.php\/unsere-spezialitaeten\/gridart_20230617_160629691-1-1\/\" class=\"wp-image-1336\" srcset=\"https:\/\/joomla.phoenix-design.biz\/wp-content\/uploads\/GridArt_20230617_160629691-1-1-1024x1024.jpg 1024w, https:\/\/joomla.phoenix-design.biz\/wp-content\/uploads\/GridArt_20230617_160629691-1-1-300x300.jpg 300w, https:\/\/joomla.phoenix-design.biz\/wp-content\/uploads\/GridArt_20230617_160629691-1-1-150x150.jpg 150w, https:\/\/joomla.phoenix-design.biz\/wp-content\/uploads\/GridArt_20230617_160629691-1-1-768x768.jpg 768w, https:\/\/joomla.phoenix-design.biz\/wp-content\/uploads\/GridArt_20230617_160629691-1-1-1536x1536.jpg 1536w, https:\/\/joomla.phoenix-design.biz\/wp-content\/uploads\/GridArt_20230617_160629691-1-1-2048x2048.jpg 2048w\" sizes=\"auto, (max-width: 1024px) 100vw, 1024px\" \/><\/figure><\/li><\/ul><\/figure>\n","protected":false},"excerpt":{"rendered":"<p>Wir verw\u00f6hnen unsere G\u00e4ste aus Nah- und Fern mit traditioneller S\u00fcdtiroler Hausmannskost. Aus unserem Garten und der Landwirtschaft kommen die Rohstoffe f\u00fcr die leckeren Gerichte, die wir t\u00e4glich zu tollen Speisen verarbeiten. Knackige Salate, verschiedene Gem\u00fcsesorten, sowie Erdbeeren und Himbeeren so auch andere Obstsorten werden t\u00e4glich frisch zubereitet und Ihnen mit viel Liebe serviert. Kuchen, &hellip; <a href=\"https:\/\/joomla.phoenix-design.biz\/index.php\/unsere-spezialitaeten\/\" class=\"more-link\"><span class=\"screen-reader-text\">WAS WIR ALLES ANBIETEN&#8230;&#8230;.<\/span> weiterlesen <span class=\"meta-nav\">&rarr;<\/span><\/a><\/p>\n","protected":false},"author":1,"featured_media":0,"parent":0,"menu_order":0,"comment_status":"closed","ping_status":"closed","template":"","meta":{"footnotes":""},"class_list":["post-409","page","type-page","status-publish","hentry"],"_links":{"self":[{"href":"https:\/\/joomla.phoenix-design.biz\/index.php\/wp-json\/wp\/v2\/pages\/409","targetHints":{"allow":["GET"]}}],"collection":[{"href":"https:\/\/joomla.phoenix-design.biz\/index.php\/wp-json\/wp\/v2\/pages"}],"about":[{"href":"https:\/\/joomla.phoenix-design.biz\/index.php\/wp-json\/wp\/v2\/types\/page"}],"author":[{"embeddable":true,"href":"https:\/\/joomla.phoenix-design.biz\/index.php\/wp-json\/wp\/v2\/users\/1"}],"replies":[{"embeddable":true,"href":"https:\/\/joomla.phoenix-design.biz\/index.php\/wp-json\/wp\/v2\/comments?post=409"}],"version-history":[{"count":19,"href":"https:\/\/joomla.phoenix-design.biz\/index.php\/wp-json\/wp\/v2\/pages\/409\/revisions"}],"predecessor-version":[{"id":1338,"href":"https:\/\/joomla.phoenix-design.biz\/index.php\/wp-json\/wp\/v2\/pages\/409\/revisions\/1338"}],"wp:attachment":[{"href":"https:\/\/joomla.phoenix-design.biz\/index.php\/wp-json\/wp\/v2\/media?parent=409"}],"curies":[{"name":"wp","href":"https:\/\/api.w.org\/{rel}","templated":true}]}}