{"id":374,"date":"2019-04-26T18:03:14","date_gmt":"2019-04-26T16:03:14","guid":{"rendered":"http:\/\/hoferhof.bz.it\/?page_id=374"},"modified":"2025-03-11T09:45:40","modified_gmt":"2025-03-11T08:45:40","slug":"herzlich-willkommen","status":"publish","type":"page","link":"https:\/\/joomla.phoenix-design.biz\/","title":{"rendered":"Herzlich Willkommen"},"content":{"rendered":"\n<figure class=\"wp-block-gallery aligncenter columns-1 wp-block-gallery-1 is-layout-flex wp-block-gallery-is-layout-flex\"><ul class=\"blocks-gallery-grid\"><li class=\"blocks-gallery-item\"><figure><img loading=\"lazy\" decoding=\"async\" width=\"300\" height=\"178\" src=\"https:\/\/joomla.phoenix-design.biz\/wp-content\/uploads\/Logo-Hoferhof_ohne-Strich-300x178.jpg\" alt=\"\" data-id=\"752\" data-full-url=\"https:\/\/joomla.phoenix-design.biz\/wp-content\/uploads\/Logo-Hoferhof_ohne-Strich.jpg\" data-link=\"https:\/\/joomla.phoenix-design.biz\/index.php\/herzlich-willkommen\/logo-hoferhof_ohne-strich\/\" class=\"wp-image-752\" srcset=\"https:\/\/joomla.phoenix-design.biz\/wp-content\/uploads\/Logo-Hoferhof_ohne-Strich-300x178.jpg 300w, https:\/\/joomla.phoenix-design.biz\/wp-content\/uploads\/Logo-Hoferhof_ohne-Strich.jpg 629w\" sizes=\"auto, (max-width: 300px) 100vw, 300px\" \/><\/figure><\/li><\/ul><\/figure>\n\n\n\n<p class=\"has-text-align-center has-large-font-size\">Jausenstation Hoferhof<\/p>\n\n\n\n<figure class=\"wp-block-gallery columns-1 is-cropped wp-block-gallery-2 is-layout-flex wp-block-gallery-is-layout-flex\"><ul class=\"blocks-gallery-grid\"><li class=\"blocks-gallery-item\"><figure><img loading=\"lazy\" decoding=\"async\" width=\"1024\" height=\"768\" src=\"https:\/\/joomla.phoenix-design.biz\/wp-content\/uploads\/IMG_0210-4-1024x768.jpg\" alt=\"\" data-id=\"340\" data-full-url=\"https:\/\/joomla.phoenix-design.biz\/wp-content\/uploads\/IMG_0210-4.jpg\" data-link=\"https:\/\/joomla.phoenix-design.biz\/img_0210-5\/\" class=\"wp-image-340\" srcset=\"https:\/\/joomla.phoenix-design.biz\/wp-content\/uploads\/IMG_0210-4-1024x768.jpg 1024w, https:\/\/joomla.phoenix-design.biz\/wp-content\/uploads\/IMG_0210-4-300x225.jpg 300w, https:\/\/joomla.phoenix-design.biz\/wp-content\/uploads\/IMG_0210-4-768x576.jpg 768w, https:\/\/joomla.phoenix-design.biz\/wp-content\/uploads\/IMG_0210-4-1568x1176.jpg 1568w\" sizes=\"auto, (max-width: 1024px) 100vw, 1024px\" \/><\/figure><\/li><\/ul><\/figure>\n\n\n\n<p class=\"has-text-align-center has-huge-font-size\">Liebe G\u00e4ste, liebe Freunde,<\/p>\n\n\n\n<p class=\"has-text-align-center has-large-font-size\">Wir verabschieden uns von der Saison 2024 und bedanken uns f\u00fcr die Treue. Wir sehen uns im Fr\u00fchjahr 2025 wieder.<\/p>\n\n\n\n<p class=\"has-text-align-center has-medium-font-size\">Familie Schwienbacher<\/p>\n","protected":false},"excerpt":{"rendered":"<p>Jausenstation Hoferhof Liebe G\u00e4ste, liebe Freunde, Wir verabschieden uns von der Saison 2024 und bedanken uns f\u00fcr die Treue. Wir sehen uns im Fr\u00fchjahr 2025 wieder. Familie Schwienbacher<\/p>\n","protected":false},"author":1,"featured_media":0,"parent":0,"menu_order":0,"comment_status":"closed","ping_status":"closed","template":"","meta":{"footnotes":""},"class_list":["post-374","page","type-page","status-publish","hentry"],"_links":{"self":[{"href":"https:\/\/joomla.phoenix-design.biz\/index.php\/wp-json\/wp\/v2\/pages\/374","targetHints":{"allow":["GET"]}}],"collection":[{"href":"https:\/\/joomla.phoenix-design.biz\/index.php\/wp-json\/wp\/v2\/pages"}],"about":[{"href":"https:\/\/joomla.phoenix-design.biz\/index.php\/wp-json\/wp\/v2\/types\/page"}],"author":[{"embeddable":true,"href":"https:\/\/joomla.phoenix-design.biz\/index.php\/wp-json\/wp\/v2\/users\/1"}],"replies":[{"embeddable":true,"href":"https:\/\/joomla.phoenix-design.biz\/index.php\/wp-json\/wp\/v2\/comments?post=374"}],"version-history":[{"count":108,"href":"https:\/\/joomla.phoenix-design.biz\/index.php\/wp-json\/wp\/v2\/pages\/374\/revisions"}],"predecessor-version":[{"id":1414,"href":"https:\/\/joomla.phoenix-design.biz\/index.php\/wp-json\/wp\/v2\/pages\/374\/revisions\/1414"}],"wp:attachment":[{"href":"https:\/\/joomla.phoenix-design.biz\/index.php\/wp-json\/wp\/v2\/media?parent=374"}],"curies":[{"name":"wp","href":"https:\/\/api.w.org\/{rel}","templated":true}]}}